{"id":165,"date":"2021-05-13T08:36:53","date_gmt":"2021-05-13T08:36:53","guid":{"rendered":"https:\/\/demo.wpenjoy.com\/enjoynow\/?page_id=152"},"modified":"2023-03-31T00:06:07","modified_gmt":"2023-03-31T00:06:07","slug":"page-daccueil","status":"publish","type":"page","link":"https:\/\/datcom.ca\/wordpress\/","title":{"rendered":""},"content":{"rendered":"\t\t<div data-elementor-type=\"wp-page\" data-elementor-id=\"165\" class=\"elementor elementor-165\" data-elementor-post-type=\"page\">\n\t\t\t\t\t\t<section class=\"elementor-section elementor-top-section elementor-element elementor-element-b983219 elementor-section-boxed elementor-section-height-default elementor-section-height-default\" data-id=\"b983219\" data-element_type=\"section\" data-e-type=\"section\">\n\t\t\t\t\t\t<div class=\"elementor-container elementor-column-gap-default\">\n\t\t\t\t\t<div class=\"elementor-column elementor-col-100 elementor-top-column elementor-element elementor-element-2f501d4\" data-id=\"2f501d4\" data-element_type=\"column\" data-e-type=\"column\">\n\t\t\t<div class=\"elementor-widget-wrap elementor-element-populated\">\n\t\t\t\t\t\t<div class=\"elementor-element elementor-element-c720bf8 elementor-widget elementor-widget-heading\" data-id=\"c720bf8\" data-element_type=\"widget\" data-e-type=\"widget\" data-widget_type=\"heading.default\">\n\t\t\t\t<div class=\"elementor-widget-container\">\n\t\t\t\t\t<h4 class=\"elementor-heading-title elementor-size-large\">Fabricant d\u2019aides techniques pour l\u2019acc\u00e8s aux technologies et communications depuis 2001.<\/h4>\t\t\t\t<\/div>\n\t\t\t\t<\/div>\n\t\t\t\t\t<\/div>\n\t\t<\/div>\n\t\t\t\t\t<\/div>\n\t\t<\/section>\n\t\t\t\t<section class=\"elementor-section elementor-top-section elementor-element elementor-element-46ff0b8 elementor-section-boxed elementor-section-height-default elementor-section-height-default\" data-id=\"46ff0b8\" data-element_type=\"section\" data-e-type=\"section\">\n\t\t\t\t\t\t<div class=\"elementor-container elementor-column-gap-default\">\n\t\t\t\t\t<div class=\"elementor-column elementor-col-100 elementor-top-column elementor-element elementor-element-a1ba3af\" data-id=\"a1ba3af\" data-element_type=\"column\" data-e-type=\"column\">\n\t\t\t<div class=\"elementor-widget-wrap elementor-element-populated\">\n\t\t\t\t\t\t<div class=\"elementor-element elementor-element-112669d elementor-widget__width-inherit elementor-widget-divider--view-line elementor-widget elementor-widget-divider\" data-id=\"112669d\" data-element_type=\"widget\" data-e-type=\"widget\" data-widget_type=\"divider.default\">\n\t\t\t\t<div class=\"elementor-widget-container\">\n\t\t\t\t\t\t\t<div class=\"elementor-divider\">\n\t\t\t<span class=\"elementor-divider-separator\">\n\t\t\t\t\t\t<\/span>\n\t\t<\/div>\n\t\t\t\t\t\t<\/div>\n\t\t\t\t<\/div>\n\t\t\t\t\t<\/div>\n\t\t<\/div>\n\t\t\t\t\t<\/div>\n\t\t<\/section>\n\t\t\t\t<section class=\"elementor-section elementor-top-section elementor-element elementor-element-e636946 elementor-section-boxed elementor-section-height-default elementor-section-height-default\" data-id=\"e636946\" data-element_type=\"section\" data-e-type=\"section\">\n\t\t\t\t\t\t<div class=\"elementor-container elementor-column-gap-default\">\n\t\t\t\t\t<div class=\"elementor-column elementor-col-100 elementor-top-column elementor-element elementor-element-0e43c0f\" data-id=\"0e43c0f\" data-element_type=\"column\" data-e-type=\"column\">\n\t\t\t<div class=\"elementor-widget-wrap elementor-element-populated\">\n\t\t\t\t\t\t<div class=\"elementor-element elementor-element-353558e elementor-widget elementor-widget-heading\" data-id=\"353558e\" data-element_type=\"widget\" data-e-type=\"widget\" data-widget_type=\"heading.default\">\n\t\t\t\t<div class=\"elementor-widget-container\">\n\t\t\t\t\t<h2 class=\"elementor-heading-title elementor-size-default\">Quoi de neuf ?<\/h2>\t\t\t\t<\/div>\n\t\t\t\t<\/div>\n\t\t\t\t\t<\/div>\n\t\t<\/div>\n\t\t\t\t\t<\/div>\n\t\t<\/section>\n\t\t\t\t<section class=\"elementor-section elementor-top-section elementor-element elementor-element-13e2ea0 elementor-section-boxed elementor-section-height-default elementor-section-height-default\" data-id=\"13e2ea0\" data-element_type=\"section\" data-e-type=\"section\">\n\t\t\t\t\t\t<div class=\"elementor-container elementor-column-gap-default\">\n\t\t\t\t\t<div class=\"elementor-column elementor-col-100 elementor-top-column elementor-element elementor-element-01cad9c\" data-id=\"01cad9c\" data-element_type=\"column\" data-e-type=\"column\">\n\t\t\t<div class=\"elementor-widget-wrap elementor-element-populated\">\n\t\t\t\t\t\t<div class=\"elementor-element elementor-element-b215433 elementor-position-top elementor-widget elementor-widget-image-box\" data-id=\"b215433\" data-element_type=\"widget\" data-e-type=\"widget\" data-widget_type=\"image-box.default\">\n\t\t\t\t<div class=\"elementor-widget-container\">\n\t\t\t\t\t<div class=\"elementor-image-box-wrapper\"><figure class=\"elementor-image-box-img\"><img fetchpriority=\"high\" decoding=\"async\" width=\"2055\" height=\"1617\" src=\"https:\/\/datcom.ca\/wordpress\/wp-content\/uploads\/2022\/11\/5x5_Sotec.gif\" class=\"attachment-full size-full wp-image-1078\" alt=\"\" \/><\/figure><div class=\"elementor-image-box-content\"><h3 class=\"elementor-image-box-title\">14555 MODULE DE LIT Ti-MOTION TC14 (SOTEC)<\/h3><p class=\"elementor-image-box-description\">2022\/11\/04<br>Pour contr\u00f4leurs Ti-Motion TC14, utilis\u00e9s sur les lits de la compagnie Sotec. Alimentation directe, 6 fonctions par balayage, et toutes les fonctions par infrarouge. Facile \u00e0 installer. Temporisation sur toutes les fonctions pour une utilisation \u00e0 la voix.<\/p><\/div><\/div>\t\t\t\t<\/div>\n\t\t\t\t<\/div>\n\t\t\t\t\t<\/div>\n\t\t<\/div>\n\t\t\t\t\t<\/div>\n\t\t<\/section>\n\t\t\t\t<section class=\"elementor-section elementor-top-section elementor-element elementor-element-57bc159 elementor-section-boxed elementor-section-height-default elementor-section-height-default\" data-id=\"57bc159\" data-element_type=\"section\" data-e-type=\"section\">\n\t\t\t\t\t\t<div class=\"elementor-container elementor-column-gap-default\">\n\t\t\t\t\t<div class=\"elementor-column elementor-col-100 elementor-top-column elementor-element elementor-element-13b6cbf\" data-id=\"13b6cbf\" data-element_type=\"column\" data-e-type=\"column\">\n\t\t\t<div class=\"elementor-widget-wrap elementor-element-populated\">\n\t\t\t\t\t\t<div class=\"elementor-element elementor-element-ed33a45 elementor-position-top elementor-widget elementor-widget-image-box\" data-id=\"ed33a45\" data-element_type=\"widget\" data-e-type=\"widget\" data-widget_type=\"image-box.default\">\n\t\t\t\t<div class=\"elementor-widget-container\">\n\t\t\t\t\t<div class=\"elementor-image-box-wrapper\"><figure class=\"elementor-image-box-img\"><img decoding=\"async\" width=\"2000\" height=\"1250\" src=\"https:\/\/datcom.ca\/wordpress\/wp-content\/uploads\/2022\/11\/linak_orthofab.gif\" class=\"attachment-full size-full wp-image-1109\" alt=\"\" \/><\/figure><div class=\"elementor-image-box-content\"><h3 class=\"elementor-image-box-title\">14545  MODULE DE LIT LINAK HL70D (EUROBED)<\/h3><p class=\"elementor-image-box-description\">2022\/10\/28<br>Pour contr\u00f4leurs Linak HL70D, utilis\u00e9s sur les lits Eurobed de derni\u00e8re g\u00e9n\u00e9ration distribu\u00e9s par Orthofab. Alimentation directe, 6 fonctions par balayage, et toutes les fonctions par infrarouge. Facile \u00e0 installer. Temporisation sur toutes les fonctions pour une utilisation \u00e0 la voix.<\/p><\/div><\/div>\t\t\t\t<\/div>\n\t\t\t\t<\/div>\n\t\t\t\t\t<\/div>\n\t\t<\/div>\n\t\t\t\t\t<\/div>\n\t\t<\/section>\n\t\t\t\t<section class=\"elementor-section elementor-top-section elementor-element elementor-element-0db587a elementor-section-boxed elementor-section-height-default elementor-section-height-default\" data-id=\"0db587a\" data-element_type=\"section\" data-e-type=\"section\">\n\t\t\t\t\t\t<div class=\"elementor-container elementor-column-gap-default\">\n\t\t\t\t\t<div class=\"elementor-column elementor-col-100 elementor-top-column elementor-element elementor-element-bf669ab\" data-id=\"bf669ab\" data-element_type=\"column\" data-e-type=\"column\">\n\t\t\t<div class=\"elementor-widget-wrap\">\n\t\t\t\t\t\t\t<\/div>\n\t\t<\/div>\n\t\t\t\t\t<\/div>\n\t\t<\/section>\n\t\t\t\t<\/div>\n\t\t","protected":false},"excerpt":{"rendered":"<p>Fabricant d\u2019aides techniques pour l\u2019acc\u00e8s aux technologies et communications depuis 2001. Quoi de neuf ? 14555 MODULE DE LIT Ti-MOTION TC14 (SOTEC) 2022\/11\/04 Pour contr\u00f4leurs Ti-Motion TC14, utilis\u00e9s sur les lits de la compagnie Sotec&#8230;. <\/p>\n","protected":false},"author":1,"featured_media":0,"parent":0,"menu_order":0,"comment_status":"closed","ping_status":"closed","template":"page-templates\/full-width.php","meta":{"footnotes":""},"class_list":["post-165","page","type-page","status-publish","hentry"],"_links":{"self":[{"href":"https:\/\/datcom.ca\/wordpress\/index.php?rest_route=\/wp\/v2\/pages\/165","targetHints":{"allow":["GET"]}}],"collection":[{"href":"https:\/\/datcom.ca\/wordpress\/index.php?rest_route=\/wp\/v2\/pages"}],"about":[{"href":"https:\/\/datcom.ca\/wordpress\/index.php?rest_route=\/wp\/v2\/types\/page"}],"author":[{"embeddable":true,"href":"https:\/\/datcom.ca\/wordpress\/index.php?rest_route=\/wp\/v2\/users\/1"}],"replies":[{"embeddable":true,"href":"https:\/\/datcom.ca\/wordpress\/index.php?rest_route=%2Fwp%2Fv2%2Fcomments&post=165"}],"version-history":[{"count":88,"href":"https:\/\/datcom.ca\/wordpress\/index.php?rest_route=\/wp\/v2\/pages\/165\/revisions"}],"predecessor-version":[{"id":1370,"href":"https:\/\/datcom.ca\/wordpress\/index.php?rest_route=\/wp\/v2\/pages\/165\/revisions\/1370"}],"wp:attachment":[{"href":"https:\/\/datcom.ca\/wordpress\/index.php?rest_route=%2Fwp%2Fv2%2Fmedia&parent=165"}],"curies":[{"name":"wp","href":"https:\/\/api.w.org\/{rel}","templated":true}]}}