{"id":908,"date":"2022-11-04T18:17:30","date_gmt":"2022-11-04T18:17:30","guid":{"rendered":"https:\/\/datcom.ca\/wordpress\/?page_id=908"},"modified":"2023-03-30T22:44:40","modified_gmt":"2023-03-30T22:44:40","slug":"a-propos","status":"publish","type":"page","link":"https:\/\/datcom.ca\/wordpress\/?page_id=908","title":{"rendered":"\u00c0 propos"},"content":{"rendered":"\t\t<div data-elementor-type=\"wp-page\" data-elementor-id=\"908\" class=\"elementor elementor-908\" data-elementor-post-type=\"page\">\n\t\t\t\t\t\t<section class=\"elementor-section elementor-top-section elementor-element elementor-element-340058f4 elementor-section-boxed elementor-section-height-default elementor-section-height-default\" data-id=\"340058f4\" data-element_type=\"section\" data-e-type=\"section\">\n\t\t\t\t\t\t<div class=\"elementor-container elementor-column-gap-default\">\n\t\t\t\t\t<div class=\"elementor-column elementor-col-100 elementor-top-column elementor-element elementor-element-50f692c9\" data-id=\"50f692c9\" data-element_type=\"column\" data-e-type=\"column\">\n\t\t\t<div class=\"elementor-widget-wrap elementor-element-populated\">\n\t\t\t\t\t\t<div class=\"elementor-element elementor-element-28aa2f81 elementor-widget elementor-widget-text-editor\" data-id=\"28aa2f81\" data-element_type=\"widget\" data-e-type=\"widget\" data-widget_type=\"text-editor.default\">\n\t\t\t\t<div class=\"elementor-widget-container\">\n\t\t\t\t\t\t\t\t\t<header>\n<h1><span style=\"font-size: 16px; color: #414141; font-weight: 400;\">Cr\u00e9ateur de la premi\u00e8re g\u00e9n\u00e9ration du syst\u00e8me de contr\u00f4le d\u2019environnement M\u00e9nestrel en 2001,&nbsp; Rehab-Tech est devenu Datcom inc. en 2003. Le M\u00e9nestrel de deuxi\u00e8me g\u00e9n\u00e9ration est apparu en 2005, le RT64 en 2007, la s\u00e9rie Helper et le contr\u00f4le d&rsquo;ascenseur en 2015 et une s\u00e9rie de nouveaux module de lits en 2021.<\/span><\/h1>\n<\/header>\n<div>\n<p>Plusieurs nouveaut\u00e9s sont en cours de conception; r\u00e9cepteur pour contr\u00f4le de lit compatible avec la nouvelle norme \u00ab\u00a0Matter\u00a0\u00bb, interrupteur maison par impression 3D abordable, nouveau contr\u00f4le de fauteuil auto-souleveur \u00e0 deux moteurs.&nbsp;<\/p>\n<p>En 2022 on compte des centaines d\u2019utilisateurs de nos produits partout au Canada, nos produits sont con\u00e7u pour durer et \u00eatre fiables en tout temps, seulement les meilleurs composants sont s\u00e9lectionn\u00e9s.<\/p><p>Pour nous joindre:<\/p><p>Par t\u00e9l\u00e9phone au: 514-993-6251<\/p><p>Par courriel au: info@datcom.ca<\/p><p>Par la poste au: 8 rue E.-Cimon, Esprit-Saint, QC, G0K 1A0<\/p><p><br><\/p>\n<\/div>\t\t\t\t\t\t\t\t<\/div>\n\t\t\t\t<\/div>\n\t\t\t\t\t<\/div>\n\t\t<\/div>\n\t\t\t\t\t<\/div>\n\t\t<\/section>\n\t\t\t\t<\/div>\n\t\t","protected":false},"excerpt":{"rendered":"<p>Cr\u00e9ateur de la premi\u00e8re g\u00e9n\u00e9ration du syst\u00e8me de contr\u00f4le d\u2019environnement M\u00e9nestrel en 2001,&nbsp; Rehab-Tech est devenu Datcom inc. en 2003. Le M\u00e9nestrel de deuxi\u00e8me g\u00e9n\u00e9ration est apparu en 2005, le RT64 en 2007, la s\u00e9rie&#8230; <\/p>\n","protected":false},"author":1,"featured_media":0,"parent":0,"menu_order":0,"comment_status":"closed","ping_status":"closed","template":"page-templates\/full-width.php","meta":{"footnotes":""},"class_list":["post-908","page","type-page","status-publish","hentry"],"_links":{"self":[{"href":"https:\/\/datcom.ca\/wordpress\/index.php?rest_route=\/wp\/v2\/pages\/908","targetHints":{"allow":["GET"]}}],"collection":[{"href":"https:\/\/datcom.ca\/wordpress\/index.php?rest_route=\/wp\/v2\/pages"}],"about":[{"href":"https:\/\/datcom.ca\/wordpress\/index.php?rest_route=\/wp\/v2\/types\/page"}],"author":[{"embeddable":true,"href":"https:\/\/datcom.ca\/wordpress\/index.php?rest_route=\/wp\/v2\/users\/1"}],"replies":[{"embeddable":true,"href":"https:\/\/datcom.ca\/wordpress\/index.php?rest_route=%2Fwp%2Fv2%2Fcomments&post=908"}],"version-history":[{"count":25,"href":"https:\/\/datcom.ca\/wordpress\/index.php?rest_route=\/wp\/v2\/pages\/908\/revisions"}],"predecessor-version":[{"id":1367,"href":"https:\/\/datcom.ca\/wordpress\/index.php?rest_route=\/wp\/v2\/pages\/908\/revisions\/1367"}],"wp:attachment":[{"href":"https:\/\/datcom.ca\/wordpress\/index.php?rest_route=%2Fwp%2Fv2%2Fmedia&parent=908"}],"curies":[{"name":"wp","href":"https:\/\/api.w.org\/{rel}","templated":true}]}}